{"id":130,"date":"2017-04-22T10:10:08","date_gmt":"2017-04-22T09:10:08","guid":{"rendered":"http:\/\/traductec.fr\/?page_id=130"},"modified":"2022-08-09T16:52:38","modified_gmt":"2022-08-09T15:52:38","slug":"servicios","status":"publish","type":"page","link":"http:\/\/www.tradusand.fr\/?page_id=130&lang=es","title":{"rendered":"Servicios"},"content":{"rendered":"<p><strong>Traducci\u00f3n<\/strong><\/p>\n<ul>\n<li>Traducci\u00f3n t\u00e9cnica<\/li>\n<li>Traducci\u00f3n de sitios webs<\/li>\n<li>Localizaci\u00f3n<\/li>\n<li>Relectura<\/li>\n<li>Traducci\u00f3n y subtitulaci\u00f3n de v\u00eddeos y pel\u00edculas<\/li>\n<\/ul>\n<p><strong>Formaci\u00f3n en idiomas<br \/>\n<\/strong><\/p>\n<ul>\n<li>Espa\u00f1ol<\/li>\n<\/ul>\n<p style=\"padding-left: 40px;\">\u00bfDesea comunicarse en espa\u00f1ol, aprender las bases o mejorar sus conocimientos?<\/p>\n<p style=\"padding-left: 40px;\">\u00a1Estamos a su servicio!<br \/>\nNo dude en ponerse en contacto con nosotros.<\/p>\n","protected":false},"excerpt":{"rendered":"<div class=\"slide-text-bg2\"><span>Traducci\u00f3n Traducci\u00f3n t\u00e9cnica Traducci\u00f3n de sitios webs Localizaci\u00f3n Relectura Traducci\u00f3n y subtitulaci\u00f3n de v\u00eddeos y pel\u00edculas Formaci\u00f3n en idio<\/span><\/div>\n<div class=\"slide-btn-area-sm\"><a href=\"http:\/\/www.tradusand.fr\/?page_id=130&#038;lang=es\" class=\"slide-btn-sm\">Lire la suite<\/a><\/div>\n","protected":false},"author":1,"featured_media":0,"parent":0,"menu_order":0,"comment_status":"closed","ping_status":"closed","template":"","meta":{"footnotes":""},"class_list":["post-130","page","type-page","status-publish","hentry"],"yoast_head":"<!-- This site is optimized with the Yoast SEO plugin v26.6 - https:\/\/yoast.com\/wordpress\/plugins\/seo\/ -->\n<title>Servicios - TRADUSAND<\/title>\n<meta name=\"description\" content=\"Traducci\u00f3n, formaci\u00f3n espa\u00f1ol, curso de espa\u00f1ol, traductor espa\u00f1ol, traducci\u00f3n en espa\u00f1ol, franc\u00e9s, espa\u00f1ol\" \/>\n<meta name=\"robots\" content=\"index, follow, max-snippet:-1, max-image-preview:large, max-video-preview:-1\" \/>\n<link rel=\"canonical\" href=\"http:\/\/www.tradusand.fr\/?page_id=130&lang=es\" \/>\n<meta property=\"og:locale\" content=\"fr_FR\" \/>\n<meta property=\"og:type\" content=\"article\" \/>\n<meta property=\"og:title\" content=\"Servicios - TRADUSAND\" \/>\n<meta property=\"og:description\" content=\"Traducci\u00f3n, formaci\u00f3n espa\u00f1ol, curso de espa\u00f1ol, traductor espa\u00f1ol, traducci\u00f3n en espa\u00f1ol, franc\u00e9s, espa\u00f1ol\" \/>\n<meta property=\"og:url\" content=\"http:\/\/www.tradusand.fr\/?page_id=130&amp;lang=es\" \/>\n<meta property=\"og:site_name\" content=\"TRADUSAND\" \/>\n<meta property=\"article:modified_time\" content=\"2022-08-09T15:52:38+00:00\" \/>\n<meta name=\"twitter:card\" content=\"summary_large_image\" \/>\n<script type=\"application\/ld+json\" class=\"yoast-schema-graph\">{\"@context\":\"https:\/\/schema.org\",\"@graph\":[{\"@type\":\"WebPage\",\"@id\":\"http:\/\/www.tradusand.fr\/?page_id=130&lang=es\",\"url\":\"http:\/\/www.tradusand.fr\/?page_id=130&lang=es\",\"name\":\"Servicios - TRADUSAND\",\"isPartOf\":{\"@id\":\"http:\/\/www.tradusand.fr\/#website\"},\"datePublished\":\"2017-04-22T09:10:08+00:00\",\"dateModified\":\"2022-08-09T15:52:38+00:00\",\"description\":\"Traducci\u00f3n, formaci\u00f3n espa\u00f1ol, curso de espa\u00f1ol, traductor espa\u00f1ol, traducci\u00f3n en espa\u00f1ol, franc\u00e9s, espa\u00f1ol\",\"breadcrumb\":{\"@id\":\"http:\/\/www.tradusand.fr\/?page_id=130&lang=es#breadcrumb\"},\"inLanguage\":\"fr-FR\",\"potentialAction\":[{\"@type\":\"ReadAction\",\"target\":[\"http:\/\/www.tradusand.fr\/?page_id=130&lang=es\"]}]},{\"@type\":\"BreadcrumbList\",\"@id\":\"http:\/\/www.tradusand.fr\/?page_id=130&lang=es#breadcrumb\",\"itemListElement\":[{\"@type\":\"ListItem\",\"position\":1,\"name\":\"Accueil\",\"item\":\"http:\/\/www.tradusand.fr\/?lang=fr\"},{\"@type\":\"ListItem\",\"position\":2,\"name\":\"Servicios\"}]},{\"@type\":\"WebSite\",\"@id\":\"http:\/\/www.tradusand.fr\/#website\",\"url\":\"http:\/\/www.tradusand.fr\/\",\"name\":\"TRADUSAND\",\"description\":\"Services linguistiques\",\"publisher\":{\"@id\":\"http:\/\/www.tradusand.fr\/#organization\"},\"potentialAction\":[{\"@type\":\"SearchAction\",\"target\":{\"@type\":\"EntryPoint\",\"urlTemplate\":\"http:\/\/www.tradusand.fr\/?s={search_term_string}\"},\"query-input\":{\"@type\":\"PropertyValueSpecification\",\"valueRequired\":true,\"valueName\":\"search_term_string\"}}],\"inLanguage\":\"fr-FR\"},{\"@type\":\"Organization\",\"@id\":\"http:\/\/www.tradusand.fr\/#organization\",\"name\":\"Tradusand\",\"url\":\"http:\/\/www.tradusand.fr\/\",\"logo\":{\"@type\":\"ImageObject\",\"inLanguage\":\"fr-FR\",\"@id\":\"http:\/\/www.tradusand.fr\/#\/schema\/logo\/image\/\",\"url\":\"http:\/\/www.tradusand.fr\/wp-content\/uploads\/2018\/03\/LogoSiteWeb.png\",\"contentUrl\":\"http:\/\/www.tradusand.fr\/wp-content\/uploads\/2018\/03\/LogoSiteWeb.png\",\"width\":180,\"height\":64,\"caption\":\"Tradusand\"},\"image\":{\"@id\":\"http:\/\/www.tradusand.fr\/#\/schema\/logo\/image\/\"}}]}<\/script>\n<!-- \/ Yoast SEO plugin. -->","yoast_head_json":{"title":"Servicios - TRADUSAND","description":"Traducci\u00f3n, formaci\u00f3n espa\u00f1ol, curso de espa\u00f1ol, traductor espa\u00f1ol, traducci\u00f3n en espa\u00f1ol, franc\u00e9s, espa\u00f1ol","robots":{"index":"index","follow":"follow","max-snippet":"max-snippet:-1","max-image-preview":"max-image-preview:large","max-video-preview":"max-video-preview:-1"},"canonical":"http:\/\/www.tradusand.fr\/?page_id=130&lang=es","og_locale":"fr_FR","og_type":"article","og_title":"Servicios - TRADUSAND","og_description":"Traducci\u00f3n, formaci\u00f3n espa\u00f1ol, curso de espa\u00f1ol, traductor espa\u00f1ol, traducci\u00f3n en espa\u00f1ol, franc\u00e9s, espa\u00f1ol","og_url":"http:\/\/www.tradusand.fr\/?page_id=130&lang=es","og_site_name":"TRADUSAND","article_modified_time":"2022-08-09T15:52:38+00:00","twitter_card":"summary_large_image","schema":{"@context":"https:\/\/schema.org","@graph":[{"@type":"WebPage","@id":"http:\/\/www.tradusand.fr\/?page_id=130&lang=es","url":"http:\/\/www.tradusand.fr\/?page_id=130&lang=es","name":"Servicios - TRADUSAND","isPartOf":{"@id":"http:\/\/www.tradusand.fr\/#website"},"datePublished":"2017-04-22T09:10:08+00:00","dateModified":"2022-08-09T15:52:38+00:00","description":"Traducci\u00f3n, formaci\u00f3n espa\u00f1ol, curso de espa\u00f1ol, traductor espa\u00f1ol, traducci\u00f3n en espa\u00f1ol, franc\u00e9s, espa\u00f1ol","breadcrumb":{"@id":"http:\/\/www.tradusand.fr\/?page_id=130&lang=es#breadcrumb"},"inLanguage":"fr-FR","potentialAction":[{"@type":"ReadAction","target":["http:\/\/www.tradusand.fr\/?page_id=130&lang=es"]}]},{"@type":"BreadcrumbList","@id":"http:\/\/www.tradusand.fr\/?page_id=130&lang=es#breadcrumb","itemListElement":[{"@type":"ListItem","position":1,"name":"Accueil","item":"http:\/\/www.tradusand.fr\/?lang=fr"},{"@type":"ListItem","position":2,"name":"Servicios"}]},{"@type":"WebSite","@id":"http:\/\/www.tradusand.fr\/#website","url":"http:\/\/www.tradusand.fr\/","name":"TRADUSAND","description":"Services linguistiques","publisher":{"@id":"http:\/\/www.tradusand.fr\/#organization"},"potentialAction":[{"@type":"SearchAction","target":{"@type":"EntryPoint","urlTemplate":"http:\/\/www.tradusand.fr\/?s={search_term_string}"},"query-input":{"@type":"PropertyValueSpecification","valueRequired":true,"valueName":"search_term_string"}}],"inLanguage":"fr-FR"},{"@type":"Organization","@id":"http:\/\/www.tradusand.fr\/#organization","name":"Tradusand","url":"http:\/\/www.tradusand.fr\/","logo":{"@type":"ImageObject","inLanguage":"fr-FR","@id":"http:\/\/www.tradusand.fr\/#\/schema\/logo\/image\/","url":"http:\/\/www.tradusand.fr\/wp-content\/uploads\/2018\/03\/LogoSiteWeb.png","contentUrl":"http:\/\/www.tradusand.fr\/wp-content\/uploads\/2018\/03\/LogoSiteWeb.png","width":180,"height":64,"caption":"Tradusand"},"image":{"@id":"http:\/\/www.tradusand.fr\/#\/schema\/logo\/image\/"}}]}},"_links":{"self":[{"href":"http:\/\/www.tradusand.fr\/index.php?rest_route=\/wp\/v2\/pages\/130","targetHints":{"allow":["GET"]}}],"collection":[{"href":"http:\/\/www.tradusand.fr\/index.php?rest_route=\/wp\/v2\/pages"}],"about":[{"href":"http:\/\/www.tradusand.fr\/index.php?rest_route=\/wp\/v2\/types\/page"}],"author":[{"embeddable":true,"href":"http:\/\/www.tradusand.fr\/index.php?rest_route=\/wp\/v2\/users\/1"}],"replies":[{"embeddable":true,"href":"http:\/\/www.tradusand.fr\/index.php?rest_route=%2Fwp%2Fv2%2Fcomments&post=130"}],"version-history":[{"count":9,"href":"http:\/\/www.tradusand.fr\/index.php?rest_route=\/wp\/v2\/pages\/130\/revisions"}],"predecessor-version":[{"id":374,"href":"http:\/\/www.tradusand.fr\/index.php?rest_route=\/wp\/v2\/pages\/130\/revisions\/374"}],"wp:attachment":[{"href":"http:\/\/www.tradusand.fr\/index.php?rest_route=%2Fwp%2Fv2%2Fmedia&parent=130"}],"curies":[{"name":"wp","href":"https:\/\/api.w.org\/{rel}","templated":true}]}}