{"id":145,"date":"2017-04-22T10:19:20","date_gmt":"2017-04-22T09:19:20","guid":{"rendered":"http:\/\/traductec.fr\/?page_id=145"},"modified":"2022-08-09T16:06:51","modified_gmt":"2022-08-09T15:06:51","slug":"contacto","status":"publish","type":"page","link":"http:\/\/www.tradusand.fr\/?page_id=145&lang=es","title":{"rendered":"Contacto"},"content":{"rendered":"<p>Direcci\u00f3n:<br \/><strong>Tradusand<\/strong><br \/>7C Rue de la Pichouline<br \/>30620 UCHAUD<br \/>FRANCE<\/p>\n\n\n<!-- Fast Secure Contact Form plugin 4.0.52 - begin - FastSecureContactForm.com -->\r\n<div style=\"clear:both;\"><\/div>\n\u00bfBusca un equipo para realizar sus proyectos de traducci\u00f3n, localizaci\u00f3n o formaci\u00f3n ling\u00fc\u00edstica?\r\n\u00a1Cont\u00e1ctenos!\r\n<div id=\"FSContact3\" style=\"width:99%; max-width:555px;\">\r\n<form enctype=\"multipart\/form-data\" action=\"http:\/\/www.tradusand.fr\/index.php?rest_route=%2Fwp%2Fv2%2Fpages%2F145#FSContact3\" id=\"fscf_form3\" method=\"post\">\r\n\n<div id=\"fscf_required3\">\n  <span style=\"text-align:left;\">*<\/span> <span style=\"text-align:left;\">Campo requerido<\/span>\n<\/div>\n\n\n<div id=\"fscf_div_clear3_6\" style=\"clear:both;\">\n  <div id=\"fscf_div_field3_6\" style=\"clear:left; float:left; width:99%; max-width:550px; margin-right:10px;\">\n    <div  id=\"fscf_label3_6\" style=\"text-align:left; padding-top:5px;\">\r\n      <label style=\"text-align:left;\" for=\"fscf_field3_6\">Nombre<span style=\"text-align:left;\">*<\/span><\/label>\n    <\/div>\n    <div style=\"text-align:left;\">\n      <input style=\"text-align:left; margin:0; width:99%; max-width:550px;\" type=\"text\" id=\"fscf_field3_6\" name=\"Nombre\" value=\"\"  aria-required=\"true\"  \/>\n    <\/div>\n  <\/div>\n<\/div>\n\n<div id=\"fscf_div_clear3_0\" style=\"clear:both;\">\n  <div id=\"fscf_div_field3_0\" style=\"clear:left; float:left; width:99%; max-width:550px; margin-right:10px;\">\r\n    <div style=\"text-align:left; padding-top:5px;\">\n      <label style=\"text-align:left;\" for=\"fscf_name3\">Apellido<span style=\"text-align:left;\">*<\/span><\/label>\n    <\/div>\r\n    <div style=\"text-align:left;\">\r\n      <input style=\"text-align:left; margin:0; width:99%; max-width:550px;\" type=\"text\" id=\"fscf_name3\" name=\"full_name\" value=\"\"  aria-required=\"true\"  \/>\r\n    <\/div>\r\n  <\/div>\n<\/div>\n\n<div id=\"fscf_div_clear3_1\" style=\"clear:both;\">\n  <div id=\"fscf_div_field3_1\" style=\"clear:left; float:left; width:99%; max-width:550px; margin-right:10px;\">\n    <div style=\"text-align:left; padding-top:5px;\">\n      <label style=\"text-align:left;\" for=\"fscf_email3\">Correo electr\u00f3nico<span style=\"text-align:left;\">*<\/span><\/label>\n    <\/div>\n    <div style=\"text-align:left;\">\n      <input style=\"text-align:left; margin:0; width:99%; max-width:550px;\" type=\"text\" id=\"fscf_email3\" name=\"email\" value=\"\"  aria-required=\"true\"  \/>\n    <\/div>\n  <\/div>\n<\/div>\n\n<div id=\"fscf_div_clear3_2\" style=\"clear:both;\">\n  <div id=\"fscf_div_field3_2\" style=\"clear:left; float:left; width:99%; max-width:550px; margin-right:10px;\">\n    <div style=\"text-align:left; padding-top:5px;\">\n      <label style=\"text-align:left;\" for=\"fscf_field3_2\">Asunto<span style=\"text-align:left;\">*<\/span><\/label>\n    <\/div>\n    <div style=\"text-align:left;\">\n      <input style=\"text-align:left; margin:0; width:99%; max-width:550px;\" type=\"text\" id=\"fscf_field3_2\" name=\"subject\" value=\"\"  aria-required=\"true\"  \/>\n    <\/div>\n  <\/div>\n<\/div>\n\n<div id=\"fscf_div_clear3_3\" style=\"clear:both;\">\n  <div id=\"fscf_div_field3_3\" style=\"clear:left; float:left; width:99%; max-width:550px; margin-right:10px;\">\n    <div style=\"text-align:left; padding-top:5px;\">\n      <label style=\"text-align:left;\" for=\"fscf_field3_3\">Mensaje<span style=\"text-align:left;\">*<\/span><\/label>\n    <\/div>\n    <div style=\"text-align:left;\">\n      <textarea style=\"text-align:left; margin:0; width:99%; max-width:550px; height:120px;\" id=\"fscf_field3_3\" name=\"message\" cols=\"30\" rows=\"10\"  aria-required=\"true\" ><\/textarea>\n    <\/div>\n  <\/div>\n<\/div>\n\n<div id=\"fscf_div_clear3_4\" style=\"clear:both;\">\n  <div id=\"fscf_div_field3_4\" style=\"clear:left; float:left; width:99%; max-width:550px; margin-right:10px;\">\n    <div  id=\"fscf_label3_4\" style=\"text-align:left; padding-top:5px;\">\r\n      <label style=\"text-align:left;\" for=\"fscf_field3_4\">Cantidad de palabras<\/label>\n    <\/div>\n    <div style=\"text-align:left;\">\n      <input style=\"text-align:left; margin:0; width:99%; max-width:550px;\" type=\"text\" id=\"fscf_field3_4\" name=\"Nombre-de-mots\" value=\"\"  aria-required=\"true\"  \/>\n    <\/div>\n  <\/div>\n<\/div>\n\n<div id=\"fscf_div_clear3_5\" style=\"clear:both;\">\n  <div id=\"fscf_div_field3_5\" style=\"clear:left; float:left; width:99%; max-width:550px; margin-right:10px;\">\n    <div  id=\"fscf_label3_5\" style=\"text-align:left; padding-top:5px;\">\r\n      <label style=\"text-align:left;\" for=\"fscf_field3_5\">Fecha de entrega deseada<\/label>\n    <\/div>\n    <div style=\"text-align:left;\">\n      <input style=\"text-align:left; margin:0; width:99%; max-width:550px;\" type=\"text\" id=\"fscf_field3_5\" name=\"Date-de-livraison-souhaitee\" value=\"mm\/jj\/aaaa\"  aria-required=\"true\"  size=\"15\"  \/>\n    <\/div>\n  <\/div>\n<\/div>\n\n<div id=\"fscf_div_clear3_7\" style=\"clear:both;\">\n  <div id=\"fscf_div_field3_7\" style=\"clear:left; float:left; width:99%; max-width:550px; margin-right:10px;\">\n    <div  id=\"fscf_label3_7\" style=\"text-align:left; padding-top:5px;\">\r\n      <label style=\"text-align:left;\" for=\"fscf_field3_7\">Adjuntar el archivo<\/label>\n    <\/div>\n    <div style=\"text-align:left;\">\n      <input style=\"text-align:left; margin:0; width:99%; max-width:550px;\" type=\"file\" id=\"fscf_field3_7\" name=\"Adjuntar-el-archivo\"  aria-required=\"true\"  size=\"20\" \/><br \/>\n      <span id=\"fscf_hint_file_types3_7\" style=\"font-size:x-small; font-weight:normal;\">Archivos autorizados: doc,docx,pdf,txt,gif,jpg,jpeg,png,xls,xlsx.<br \/>Tama\u00f1o m\u00e1ximo de los archivos: 5mb.<\/span>\n    <\/div>\n  <\/div>\n<\/div>\n\n<div id=\"fscf_div_clear3_8\" style=\"clear:both;\">\n  <div id=\"fscf_div_field3_8\" style=\"clear:left; float:left; width:99%; max-width:550px; margin-right:10px;\">\n    <div  id=\"fscf_label3_8\" style=\"text-align:left; padding-top:5px;\">\r\n      <label style=\"text-align:left;\" for=\"fscf_field3_8\">Texto fuente<\/label>\n    <\/div>\n    <div style=\"text-align:left;\">\n      <select style=\"text-align:left;\" id=\"fscf_field3_8\" name=\"De[]\">\n        <option value=\"1\">Ingl\u00e9s<\/option>\n        <option value=\"2\">Espa\u00f1ol<\/option>\n        <option value=\"3\" selected=\"selected\">Franc\u00e9s<\/option>\n        <option value=\"4\">Italiano<\/option>\n      <\/select>\n    <\/div>\n  <\/div>\n<\/div>\n\n<div id=\"fscf_div_clear3_9\" style=\"clear:both;\">\n  <div id=\"fscf_div_field3_9\" style=\"clear:left; float:left; width:99%; max-width:550px; margin-right:10px;\">\n    <div  id=\"fscf_label3_9\" style=\"text-align:left; padding-top:5px;\">\r\n      <label style=\"text-align:left;\" for=\"fscf_field3_9\">Texto destino<\/label>\n    <\/div>\n    <div style=\"text-align:left;\">\n      <select style=\"text-align:left;\" id=\"fscf_field3_9\" name=\"Texto-destino[]\">\n        <option value=\"1\">Espagnol<\/option>\n        <option value=\"2\">Franc\u00e9s<\/option>\n        <option value=\"3\">Ingl\u00e9s<\/option>\n        <option value=\"4\">Italiano<\/option>\n      <\/select>\n    <\/div>\n  <\/div>\n<\/div>\r\n<div style=\"clear:both;\"><\/div>\n\n<div style=\"text-align:left; padding-top:5px;\">\n<\/div>\n<div id=\"fscf_captcha_image_div3\" style=\"width:250px; height:65px; padding-top:2px;\">\n      <img loading=\"lazy\" decoding=\"async\" id=\"fscf_captcha_image3\" style=\"border-style:none; margin:0; padding:0px; padding-right:5px; float:left;\" src=\"http:\/\/www.tradusand.fr\/wp-content\/plugins\/si-contact-form\/captcha\/securimage_show.php?prefix=Zqd1EQrI6NwP1WFd\" width=\"175\" height=\"60\" alt=\"Imagen anti-spam\" title=\"Imagen anti-spam\" \/>\n      <input id=\"fscf_captcha_prefix3\" type=\"hidden\" name=\"fscf_captcha_prefix3\" value=\"Zqd1EQrI6NwP1WFd\" \/>\n     <div id=\"fscf_captcha_refresh3\">\n        <a href=\"#\" rel=\"nofollow\" title=\"Actualizar la imagen\" onclick=\"fscf_captcha_refresh('3','\/wp-content\/plugins\/si-contact-form\/captcha','http:\/\/www.tradusand.fr\/wp-content\/plugins\/si-contact-form\/captcha\/securimage_show.php?prefix='); return false;\">\n        <img loading=\"lazy\" decoding=\"async\" src=\"http:\/\/www.tradusand.fr\/wp-content\/plugins\/si-contact-form\/captcha\/images\/refresh.png\" width=\"22\" height=\"20\" alt=\"Actualizar la imagen\" style=\"border-style:none; margin:0; padding:0px; vertical-align:bottom;\" onclick=\"this.blur();\" \/><\/a>\r\n     <\/div>\r\n<\/div>\r\n\r\n<div id=\"fscf_captcha_field3\" style=\"text-align:left; padding-top:5px;\">\r\n     <label style=\"text-align:left;\" for=\"fscf_captcha_code3\">C\u00f3digo Anti-spam<span style=\"text-align:left;\">*<\/span><\/label>\r\n<\/div>\r\n<div style=\"text-align:left;\">\n     <input style=\"text-align:left; margin:0; width:150px;\" type=\"text\" value=\"\" autocomplete=\"off\" id=\"fscf_captcha_code3\" name=\"captcha_code\"  aria-required=\"true\"  \/>\n<\/div>\n\n<div id=\"fscf_submit_div3\" style=\"text-align:left; clear:both; padding-top:15px;\">\r\n\t\t<input type=\"submit\" id=\"fscf_submit3\" style=\"cursor:pointer; margin:0;background-color: #ee591f;\" value=\"Enviar\"  onclick=\"this.disabled=true; this.value='Enviando...'; this.form.submit();\" \/> \n<\/div>\n\n<input type=\"hidden\" name=\"fscf_submitted\" value=\"0\" \/>\n<input type=\"hidden\" name=\"fs_postonce_3\" value=\"c4e1d86a3ad1290b255a7ecbb2efe8a5,1775567746\" \/>\n<input type=\"hidden\" name=\"si_contact_action\" value=\"send\" \/>\n<input type=\"hidden\" name=\"form_id\" value=\"3\" \/>\n<input type=\"hidden\" name=\"mailto_id\" value=\"1\" \/>\n\n<\/form>\n<\/div>\r\n<div style=\"clear:both;\"><\/div>\n\n<!-- Fast Secure Contact Form plugin 4.0.52 - end - FastSecureContactForm.com -->\n\n\n\n<p><\/p>\n","protected":false},"excerpt":{"rendered":"<div class=\"slide-text-bg2\"><span>Direcci\u00f3n:Tradusand7C Rue de la Pichouline30620 UCHAUDFRANCE<\/span><\/div>\n","protected":false},"author":1,"featured_media":0,"parent":0,"menu_order":2,"comment_status":"closed","ping_status":"closed","template":"","meta":{"footnotes":""},"class_list":["post-145","page","type-page","status-publish","hentry"],"yoast_head":"<!-- This site is optimized with the Yoast SEO plugin v26.6 - https:\/\/yoast.com\/wordpress\/plugins\/seo\/ -->\n<title>Contacto - TRADUSAND<\/title>\n<meta name=\"robots\" content=\"index, follow, max-snippet:-1, max-image-preview:large, max-video-preview:-1\" \/>\n<link rel=\"canonical\" href=\"http:\/\/www.tradusand.fr\/?page_id=145&lang=es\" \/>\n<meta property=\"og:locale\" content=\"fr_FR\" \/>\n<meta property=\"og:type\" content=\"article\" \/>\n<meta property=\"og:title\" content=\"Contacto - TRADUSAND\" \/>\n<meta property=\"og:description\" content=\"Direcci\u00f3n:Tradusand7C Rue de la Pichouline30620 UCHAUDFRANCE\" \/>\n<meta property=\"og:url\" content=\"http:\/\/www.tradusand.fr\/?page_id=145&amp;lang=es\" \/>\n<meta property=\"og:site_name\" content=\"TRADUSAND\" \/>\n<meta property=\"article:modified_time\" content=\"2022-08-09T15:06:51+00:00\" \/>\n<meta name=\"twitter:card\" content=\"summary_large_image\" \/>\n<script type=\"application\/ld+json\" class=\"yoast-schema-graph\">{\"@context\":\"https:\/\/schema.org\",\"@graph\":[{\"@type\":\"WebPage\",\"@id\":\"http:\/\/www.tradusand.fr\/?page_id=145&lang=es\",\"url\":\"http:\/\/www.tradusand.fr\/?page_id=145&lang=es\",\"name\":\"Contacto - TRADUSAND\",\"isPartOf\":{\"@id\":\"http:\/\/www.tradusand.fr\/#website\"},\"datePublished\":\"2017-04-22T09:19:20+00:00\",\"dateModified\":\"2022-08-09T15:06:51+00:00\",\"breadcrumb\":{\"@id\":\"http:\/\/www.tradusand.fr\/?page_id=145&lang=es#breadcrumb\"},\"inLanguage\":\"fr-FR\",\"potentialAction\":[{\"@type\":\"ReadAction\",\"target\":[\"http:\/\/www.tradusand.fr\/?page_id=145&lang=es\"]}]},{\"@type\":\"BreadcrumbList\",\"@id\":\"http:\/\/www.tradusand.fr\/?page_id=145&lang=es#breadcrumb\",\"itemListElement\":[{\"@type\":\"ListItem\",\"position\":1,\"name\":\"Accueil\",\"item\":\"http:\/\/www.tradusand.fr\/?lang=fr\"},{\"@type\":\"ListItem\",\"position\":2,\"name\":\"Contacto\"}]},{\"@type\":\"WebSite\",\"@id\":\"http:\/\/www.tradusand.fr\/#website\",\"url\":\"http:\/\/www.tradusand.fr\/\",\"name\":\"TRADUSAND\",\"description\":\"Services linguistiques\",\"publisher\":{\"@id\":\"http:\/\/www.tradusand.fr\/#organization\"},\"potentialAction\":[{\"@type\":\"SearchAction\",\"target\":{\"@type\":\"EntryPoint\",\"urlTemplate\":\"http:\/\/www.tradusand.fr\/?s={search_term_string}\"},\"query-input\":{\"@type\":\"PropertyValueSpecification\",\"valueRequired\":true,\"valueName\":\"search_term_string\"}}],\"inLanguage\":\"fr-FR\"},{\"@type\":\"Organization\",\"@id\":\"http:\/\/www.tradusand.fr\/#organization\",\"name\":\"Tradusand\",\"url\":\"http:\/\/www.tradusand.fr\/\",\"logo\":{\"@type\":\"ImageObject\",\"inLanguage\":\"fr-FR\",\"@id\":\"http:\/\/www.tradusand.fr\/#\/schema\/logo\/image\/\",\"url\":\"http:\/\/www.tradusand.fr\/wp-content\/uploads\/2018\/03\/LogoSiteWeb.png\",\"contentUrl\":\"http:\/\/www.tradusand.fr\/wp-content\/uploads\/2018\/03\/LogoSiteWeb.png\",\"width\":180,\"height\":64,\"caption\":\"Tradusand\"},\"image\":{\"@id\":\"http:\/\/www.tradusand.fr\/#\/schema\/logo\/image\/\"}}]}<\/script>\n<!-- \/ Yoast SEO plugin. -->","yoast_head_json":{"title":"Contacto - TRADUSAND","robots":{"index":"index","follow":"follow","max-snippet":"max-snippet:-1","max-image-preview":"max-image-preview:large","max-video-preview":"max-video-preview:-1"},"canonical":"http:\/\/www.tradusand.fr\/?page_id=145&lang=es","og_locale":"fr_FR","og_type":"article","og_title":"Contacto - TRADUSAND","og_description":"Direcci\u00f3n:Tradusand7C Rue de la Pichouline30620 UCHAUDFRANCE","og_url":"http:\/\/www.tradusand.fr\/?page_id=145&lang=es","og_site_name":"TRADUSAND","article_modified_time":"2022-08-09T15:06:51+00:00","twitter_card":"summary_large_image","schema":{"@context":"https:\/\/schema.org","@graph":[{"@type":"WebPage","@id":"http:\/\/www.tradusand.fr\/?page_id=145&lang=es","url":"http:\/\/www.tradusand.fr\/?page_id=145&lang=es","name":"Contacto - TRADUSAND","isPartOf":{"@id":"http:\/\/www.tradusand.fr\/#website"},"datePublished":"2017-04-22T09:19:20+00:00","dateModified":"2022-08-09T15:06:51+00:00","breadcrumb":{"@id":"http:\/\/www.tradusand.fr\/?page_id=145&lang=es#breadcrumb"},"inLanguage":"fr-FR","potentialAction":[{"@type":"ReadAction","target":["http:\/\/www.tradusand.fr\/?page_id=145&lang=es"]}]},{"@type":"BreadcrumbList","@id":"http:\/\/www.tradusand.fr\/?page_id=145&lang=es#breadcrumb","itemListElement":[{"@type":"ListItem","position":1,"name":"Accueil","item":"http:\/\/www.tradusand.fr\/?lang=fr"},{"@type":"ListItem","position":2,"name":"Contacto"}]},{"@type":"WebSite","@id":"http:\/\/www.tradusand.fr\/#website","url":"http:\/\/www.tradusand.fr\/","name":"TRADUSAND","description":"Services linguistiques","publisher":{"@id":"http:\/\/www.tradusand.fr\/#organization"},"potentialAction":[{"@type":"SearchAction","target":{"@type":"EntryPoint","urlTemplate":"http:\/\/www.tradusand.fr\/?s={search_term_string}"},"query-input":{"@type":"PropertyValueSpecification","valueRequired":true,"valueName":"search_term_string"}}],"inLanguage":"fr-FR"},{"@type":"Organization","@id":"http:\/\/www.tradusand.fr\/#organization","name":"Tradusand","url":"http:\/\/www.tradusand.fr\/","logo":{"@type":"ImageObject","inLanguage":"fr-FR","@id":"http:\/\/www.tradusand.fr\/#\/schema\/logo\/image\/","url":"http:\/\/www.tradusand.fr\/wp-content\/uploads\/2018\/03\/LogoSiteWeb.png","contentUrl":"http:\/\/www.tradusand.fr\/wp-content\/uploads\/2018\/03\/LogoSiteWeb.png","width":180,"height":64,"caption":"Tradusand"},"image":{"@id":"http:\/\/www.tradusand.fr\/#\/schema\/logo\/image\/"}}]}},"_links":{"self":[{"href":"http:\/\/www.tradusand.fr\/index.php?rest_route=\/wp\/v2\/pages\/145","targetHints":{"allow":["GET"]}}],"collection":[{"href":"http:\/\/www.tradusand.fr\/index.php?rest_route=\/wp\/v2\/pages"}],"about":[{"href":"http:\/\/www.tradusand.fr\/index.php?rest_route=\/wp\/v2\/types\/page"}],"author":[{"embeddable":true,"href":"http:\/\/www.tradusand.fr\/index.php?rest_route=\/wp\/v2\/users\/1"}],"replies":[{"embeddable":true,"href":"http:\/\/www.tradusand.fr\/index.php?rest_route=%2Fwp%2Fv2%2Fcomments&post=145"}],"version-history":[{"count":8,"href":"http:\/\/www.tradusand.fr\/index.php?rest_route=\/wp\/v2\/pages\/145\/revisions"}],"predecessor-version":[{"id":378,"href":"http:\/\/www.tradusand.fr\/index.php?rest_route=\/wp\/v2\/pages\/145\/revisions\/378"}],"wp:attachment":[{"href":"http:\/\/www.tradusand.fr\/index.php?rest_route=%2Fwp%2Fv2%2Fmedia&parent=145"}],"curies":[{"name":"wp","href":"https:\/\/api.w.org\/{rel}","templated":true}]}}