{"id":83,"date":"2015-04-11T13:12:05","date_gmt":"2015-04-11T12:12:05","guid":{"rendered":"http:\/\/traductec.fr\/?page_id=83"},"modified":"2025-12-16T18:26:26","modified_gmt":"2025-12-16T17:26:26","slug":"contact-2","status":"publish","type":"page","link":"http:\/\/www.tradusand.fr\/?page_id=83&lang=fr","title":{"rendered":"Contact"},"content":{"rendered":"<p>Vous recherchez une \u00e9quipe pour mener \u00e0 bien vos projets de traduction, post-\u00e9dition ou formation en langues ?<br \/>\nVous souhaitez faire une demande de devis gratuit ou nous demander conseil pour cibler vos besoins ?<br \/>\nN\u2019h\u00e9sitez pas \u00e0 nous contacter. Nous vous ferons parvenir rapidement et gratuitement un devis personnalis\u00e9.<\/p>\n<p>Adresse:<br \/>\n<strong>Tradusand<\/strong><br \/>\n7C Rue de la Pichouline<br \/>\n30620 UCHAUD<br \/>\nFRANCE<\/p>\n\n\n<!-- Fast Secure Contact Form plugin 4.0.52 - begin - FastSecureContactForm.com -->\r\n<div style=\"clear:both;\"><\/div>\n\r\n<div id=\"FSContact2\" style=\"width:99%; max-width:555px;\">\r\n<form enctype=\"multipart\/form-data\" action=\"http:\/\/www.tradusand.fr\/index.php?rest_route=%2Fwp%2Fv2%2Fpages%2F83#FSContact2\" id=\"fscf_form2\" method=\"post\">\r\n\n<div id=\"fscf_required2\">\n  <span style=\"text-align:left;\">*<\/span> <span style=\"text-align:left;\">Indique un champ requis<\/span>\n<\/div>\n\n\n<div id=\"fscf_div_clear2_0\" style=\"clear:both;\">\n  <div id=\"fscf_div_field2_0\" style=\"clear:left; float:left; width:99%; max-width:550px; margin-right:10px;\">\r\n    <div style=\"text-align:left; padding-top:5px;\">\n      <label style=\"text-align:left;\" for=\"fscf_name2\">Nom<span style=\"text-align:left;\">*<\/span><\/label>\n    <\/div>\r\n    <div style=\"text-align:left;\">\r\n      <input style=\"text-align:left; margin:0; width:99%; max-width:550px;\" type=\"text\" id=\"fscf_name2\" name=\"full_name\" value=\"\"  aria-required=\"true\"  \/>\r\n    <\/div>\r\n  <\/div>\n<\/div>\n\n<div id=\"fscf_div_clear2_4\" style=\"clear:both;\">\n  <div id=\"fscf_div_field2_4\" style=\"clear:left; float:left; width:99%; max-width:550px; margin-right:10px;\">\n    <div  id=\"fscf_label2_4\" style=\"text-align:left; padding-top:5px;\">\r\n      <label style=\"text-align:left;\" for=\"fscf_field2_4\">Pr\u00e9nom<span style=\"text-align:left;\">*<\/span><\/label>\n    <\/div>\n    <div style=\"text-align:left;\">\n      <input style=\"text-align:left; margin:0; width:99%; max-width:550px;\" type=\"text\" id=\"fscf_field2_4\" name=\"Prenom01\" value=\"\"  aria-required=\"true\"  \/>\n    <\/div>\n  <\/div>\n<\/div>\n\n<div id=\"fscf_div_clear2_1\" style=\"clear:both;\">\n  <div id=\"fscf_div_field2_1\" style=\"clear:left; float:left; width:99%; max-width:550px; margin-right:10px;\">\n    <div style=\"text-align:left; padding-top:5px;\">\n      <label style=\"text-align:left;\" for=\"fscf_email2\">Courriel<span style=\"text-align:left;\">*<\/span><\/label>\n    <\/div>\n    <div style=\"text-align:left;\">\n      <input style=\"text-align:left; margin:0; width:99%; max-width:550px;\" type=\"text\" id=\"fscf_email2\" name=\"email\" value=\"\"  aria-required=\"true\"  \/>\n    <\/div>\n  <\/div>\n<\/div>\n\n<div id=\"fscf_div_clear2_2\" style=\"clear:both;\">\n  <div id=\"fscf_div_field2_2\" style=\"clear:left; float:left; width:99%; max-width:550px; margin-right:10px;\">\n    <div style=\"text-align:left; padding-top:5px;\">\n      <label style=\"text-align:left;\" for=\"fscf_field2_2\">Sujet<span style=\"text-align:left;\">*<\/span><\/label>\n    <\/div>\n    <div style=\"text-align:left;\">\n      <input style=\"text-align:left; margin:0; width:99%; max-width:550px;\" type=\"text\" id=\"fscf_field2_2\" name=\"subject\" value=\"\"  aria-required=\"true\"  \/>\n    <\/div>\n  <\/div>\n<\/div>\n\n<div id=\"fscf_div_clear2_3\" style=\"clear:both;\">\n  <div id=\"fscf_div_field2_3\" style=\"clear:left; float:left; width:99%; max-width:550px; margin-right:10px;\">\n    <div style=\"text-align:left; padding-top:5px;\">\n      <label style=\"text-align:left;\" for=\"fscf_field2_3\">Message<span style=\"text-align:left;\">*<\/span><\/label>\n    <\/div>\n    <div style=\"text-align:left;\">\n      <textarea style=\"text-align:left; margin:0; width:99%; max-width:550px; height:120px;\" id=\"fscf_field2_3\" name=\"message\" cols=\"30\" rows=\"10\"  aria-required=\"true\" ><\/textarea>\n    <\/div>\n  <\/div>\n<\/div>\n\n<div id=\"fscf_div_clear2_8\" style=\"clear:both;\">\n  <div id=\"fscf_div_field2_8\" style=\"clear:left; float:left; width:99%; max-width:550px; margin-right:10px;\">\n    <div  id=\"fscf_label2_8\" style=\"text-align:left; padding-top:5px;\">\r\n      <label style=\"text-align:left;\" for=\"fscf_field2_8\">Langue source<\/label>\n    <\/div>\n    <div style=\"text-align:left;\">\n      <select style=\"text-align:left;\" id=\"fscf_field2_8\" name=\"Langue-source[]\">\n        <option value=\"1\">Anglais<\/option>\n        <option value=\"2\">Espagnol<\/option>\n        <option value=\"3\" selected=\"selected\">Fran\u00e7ais<\/option>\n        <option value=\"4\">Italien<\/option>\n        <option value=\"5\">Autre<\/option>\n      <\/select>\n    <\/div>\n  <\/div>\n<\/div>\n\n<div id=\"fscf_div_clear2_9\" style=\"clear:both;\">\n  <div id=\"fscf_div_field2_9\" style=\"clear:left; float:left; width:99%; max-width:550px; margin-right:10px;\">\n    <div  id=\"fscf_label2_9\" style=\"text-align:left; padding-top:5px;\">\r\n      <label style=\"text-align:left;\" for=\"fscf_field2_9\">Langue cible<\/label>\n    <\/div>\n    <div style=\"text-align:left;\">\n      <select style=\"text-align:left;\" id=\"fscf_field2_9\" name=\"Langue-cible[]\">\n        <option value=\"1\">Anglais<\/option>\n        <option value=\"2\">Fran\u00e7ais<\/option>\n        <option value=\"3\">Espagnol<\/option>\n        <option value=\"4\">Italien<\/option>\n        <option value=\"5\">Autre<\/option>\n      <\/select>\n    <\/div>\n  <\/div>\n<\/div>\n\n<div id=\"fscf_div_clear2_5\" style=\"clear:both;\">\n  <div id=\"fscf_div_field2_5\" style=\"clear:left; float:left; width:99%; max-width:550px; margin-right:10px;\">\n    <div  id=\"fscf_label2_5\" style=\"text-align:left; padding-top:5px;\">\r\n      <label style=\"text-align:left;\" for=\"fscf_field2_5\">Nombre de mots<\/label>\n    <\/div>\n    <div style=\"text-align:left;\">\n      <input style=\"text-align:left; margin:0; width:99%; max-width:550px;\" type=\"text\" id=\"fscf_field2_5\" name=\"Nombre-de-mots\" value=\"\"  aria-required=\"true\"  \/>\n    <\/div>\n  <\/div>\n<\/div>\n\n<div id=\"fscf_div_clear2_6\" style=\"clear:both;\">\n  <div id=\"fscf_div_field2_6\" style=\"clear:left; float:left; width:99%; max-width:550px; margin-right:10px;\">\n    <div  id=\"fscf_label2_6\" style=\"text-align:left; padding-top:5px;\">\r\n      <label style=\"text-align:left;\" for=\"fscf_field2_6\">Date de livraison souhait\u00e9e<\/label>\n    <\/div>\n    <div style=\"text-align:left;\">\n      <input style=\"text-align:left; margin:0; width:99%; max-width:550px;\" type=\"text\" id=\"fscf_field2_6\" name=\"Date-de-livraison-souhaitee\" value=\"mm\/jj\/aaaa\"  aria-required=\"true\"  size=\"15\"  \/>\n    <\/div>\n  <\/div>\n<\/div>\n\n<div id=\"fscf_div_clear2_7\" style=\"clear:both;\">\n  <div id=\"fscf_div_field2_7\" style=\"clear:left; float:left; width:99%; max-width:550px; margin-right:10px;\">\n    <div  id=\"fscf_label2_7\" style=\"text-align:left; padding-top:5px;\">\r\n      <label style=\"text-align:left;\" for=\"fscf_field2_7\">Joindre un fichier<\/label>\n    <\/div>\n    <div style=\"text-align:left;\">\n      <input style=\"text-align:left; margin:0; width:99%; max-width:550px;\" type=\"file\" id=\"fscf_field2_7\" name=\"Joindre-un-fichier\"  aria-required=\"true\"  size=\"20\" \/><br \/>\n      <span id=\"fscf_hint_file_types2_7\" style=\"font-size:x-small; font-weight:normal;\">Types de fichiers autoris\u00e9s: doc,docx,pdf,txt,gif,jpg,jpeg,png,xls,xlsx.<br \/>Taille maximale des fichiers: 5mb.<\/span>\n    <\/div>\n  <\/div>\n<\/div>\r\n<div style=\"clear:both;\"><\/div>\n\n<div style=\"text-align:left; padding-top:5px;\">\n<\/div>\n<div id=\"fscf_captcha_image_div2\" style=\"width:250px; height:65px; padding-top:2px;\">\n      <img loading=\"lazy\" decoding=\"async\" id=\"fscf_captcha_image2\" style=\"border-style:none; margin:0; padding:0px; padding-right:5px; float:left;\" src=\"http:\/\/www.tradusand.fr\/wp-content\/plugins\/si-contact-form\/captcha\/securimage_show.php?prefix=sZv6aRac41fkLzMm\" width=\"175\" height=\"60\" alt=\"Code Anti-spam\" title=\"Code Anti-spam\" \/>\n      <input id=\"fscf_captcha_prefix2\" type=\"hidden\" name=\"fscf_captcha_prefix2\" value=\"sZv6aRac41fkLzMm\" \/>\n     <div id=\"fscf_captcha_refresh2\">\n        <a href=\"#\" rel=\"nofollow\" title=\"Rafra\u00eechir\" onclick=\"fscf_captcha_refresh('2','\/wp-content\/plugins\/si-contact-form\/captcha','http:\/\/www.tradusand.fr\/wp-content\/plugins\/si-contact-form\/captcha\/securimage_show.php?prefix='); return false;\">\n        <img loading=\"lazy\" decoding=\"async\" src=\"http:\/\/www.tradusand.fr\/wp-content\/plugins\/si-contact-form\/captcha\/images\/refresh.png\" width=\"22\" height=\"20\" alt=\"Rafra\u00eechir\" style=\"border-style:none; margin:0; padding:0px; vertical-align:bottom;\" onclick=\"this.blur();\" \/><\/a>\r\n     <\/div>\r\n<\/div>\r\n\r\n<div id=\"fscf_captcha_field2\" style=\"text-align:left; padding-top:5px;\">\r\n     <label style=\"text-align:left;\" for=\"fscf_captcha_code2\">Code Anti-spam<span style=\"text-align:left;\">*<\/span><\/label>\r\n<\/div>\r\n<div style=\"text-align:left;\">\n     <input style=\"text-align:left; margin:0; width:150px;\" type=\"text\" value=\"\" autocomplete=\"off\" id=\"fscf_captcha_code2\" name=\"captcha_code\"  aria-required=\"true\"  \/>\n<\/div>\n\n<div id=\"fscf_submit_div2\" style=\"text-align:left; clear:both; padding-top:15px;\">\r\n\t\t<input type=\"submit\" id=\"fscf_submit2\" style=\"cursor:pointer; margin:0;background-color: #ee591f;\" value=\"Envoyer\"  onclick=\"this.disabled=true; this.value='Soumis...'; this.form.submit();\" \/> \n<\/div>\n\n<input type=\"hidden\" name=\"fscf_submitted\" value=\"0\" \/>\n<input type=\"hidden\" name=\"fs_postonce_2\" value=\"1a4368db565e8487aad74d596f882be7,1775563382\" \/>\n<input type=\"hidden\" name=\"si_contact_action\" value=\"send\" \/>\n<input type=\"hidden\" name=\"form_id\" value=\"2\" \/>\n<input type=\"hidden\" name=\"mailto_id\" value=\"1\" \/>\n\n<\/form>\n<\/div>\r\n<div style=\"clear:both;\"><\/div>\n\n<!-- Fast Secure Contact Form plugin 4.0.52 - end - FastSecureContactForm.com -->\n\n","protected":false},"excerpt":{"rendered":"<div class=\"slide-text-bg2\"><span>Vous recherchez une \u00e9quipe pour mener \u00e0 bien vos projets de traduction, post-\u00e9dition ou formation en langues ? Vous souhaitez faire une demande de devis<\/span><\/div>\n<div class=\"slide-btn-area-sm\"><a href=\"http:\/\/www.tradusand.fr\/?page_id=83&#038;lang=fr\" class=\"slide-btn-sm\">Lire la suite<\/a><\/div>\n","protected":false},"author":1,"featured_media":0,"parent":0,"menu_order":2,"comment_status":"closed","ping_status":"closed","template":"","meta":{"footnotes":""},"class_list":["post-83","page","type-page","status-publish","hentry"],"yoast_head":"<!-- This site is optimized with the Yoast SEO plugin v26.6 - https:\/\/yoast.com\/wordpress\/plugins\/seo\/ -->\n<title>Contact - TRADUSAND<\/title>\n<meta name=\"robots\" content=\"index, follow, max-snippet:-1, max-image-preview:large, max-video-preview:-1\" \/>\n<link rel=\"canonical\" href=\"http:\/\/www.tradusand.fr\/?page_id=83&lang=fr\" \/>\n<meta property=\"og:locale\" content=\"fr_FR\" \/>\n<meta property=\"og:type\" content=\"article\" \/>\n<meta property=\"og:title\" content=\"Contact - TRADUSAND\" \/>\n<meta property=\"og:description\" content=\"Vous recherchez une \u00e9quipe pour mener \u00e0 bien vos projets de traduction, post-\u00e9dition ou formation en langues ? Vous souhaitez faire une demande de devisLire la suite\" \/>\n<meta property=\"og:url\" content=\"http:\/\/www.tradusand.fr\/?page_id=83&amp;lang=fr\" \/>\n<meta property=\"og:site_name\" content=\"TRADUSAND\" \/>\n<meta property=\"article:modified_time\" content=\"2025-12-16T17:26:26+00:00\" \/>\n<meta name=\"twitter:card\" content=\"summary_large_image\" \/>\n<meta name=\"twitter:label1\" content=\"Dur\u00e9e de lecture estim\u00e9e\" \/>\n\t<meta name=\"twitter:data1\" content=\"1 minute\" \/>\n<script type=\"application\/ld+json\" class=\"yoast-schema-graph\">{\"@context\":\"https:\/\/schema.org\",\"@graph\":[{\"@type\":\"WebPage\",\"@id\":\"http:\/\/www.tradusand.fr\/?page_id=83&lang=fr\",\"url\":\"http:\/\/www.tradusand.fr\/?page_id=83&lang=fr\",\"name\":\"Contact - TRADUSAND\",\"isPartOf\":{\"@id\":\"http:\/\/www.tradusand.fr\/#website\"},\"datePublished\":\"2015-04-11T12:12:05+00:00\",\"dateModified\":\"2025-12-16T17:26:26+00:00\",\"breadcrumb\":{\"@id\":\"http:\/\/www.tradusand.fr\/?page_id=83&lang=fr#breadcrumb\"},\"inLanguage\":\"fr-FR\",\"potentialAction\":[{\"@type\":\"ReadAction\",\"target\":[\"http:\/\/www.tradusand.fr\/?page_id=83&lang=fr\"]}]},{\"@type\":\"BreadcrumbList\",\"@id\":\"http:\/\/www.tradusand.fr\/?page_id=83&lang=fr#breadcrumb\",\"itemListElement\":[{\"@type\":\"ListItem\",\"position\":1,\"name\":\"Accueil\",\"item\":\"http:\/\/www.tradusand.fr\/?lang=fr\"},{\"@type\":\"ListItem\",\"position\":2,\"name\":\"Contact\"}]},{\"@type\":\"WebSite\",\"@id\":\"http:\/\/www.tradusand.fr\/#website\",\"url\":\"http:\/\/www.tradusand.fr\/\",\"name\":\"TRADUSAND\",\"description\":\"Services linguistiques\",\"publisher\":{\"@id\":\"http:\/\/www.tradusand.fr\/#organization\"},\"potentialAction\":[{\"@type\":\"SearchAction\",\"target\":{\"@type\":\"EntryPoint\",\"urlTemplate\":\"http:\/\/www.tradusand.fr\/?s={search_term_string}\"},\"query-input\":{\"@type\":\"PropertyValueSpecification\",\"valueRequired\":true,\"valueName\":\"search_term_string\"}}],\"inLanguage\":\"fr-FR\"},{\"@type\":\"Organization\",\"@id\":\"http:\/\/www.tradusand.fr\/#organization\",\"name\":\"Tradusand\",\"url\":\"http:\/\/www.tradusand.fr\/\",\"logo\":{\"@type\":\"ImageObject\",\"inLanguage\":\"fr-FR\",\"@id\":\"http:\/\/www.tradusand.fr\/#\/schema\/logo\/image\/\",\"url\":\"http:\/\/www.tradusand.fr\/wp-content\/uploads\/2018\/03\/LogoSiteWeb.png\",\"contentUrl\":\"http:\/\/www.tradusand.fr\/wp-content\/uploads\/2018\/03\/LogoSiteWeb.png\",\"width\":180,\"height\":64,\"caption\":\"Tradusand\"},\"image\":{\"@id\":\"http:\/\/www.tradusand.fr\/#\/schema\/logo\/image\/\"}}]}<\/script>\n<!-- \/ Yoast SEO plugin. -->","yoast_head_json":{"title":"Contact - TRADUSAND","robots":{"index":"index","follow":"follow","max-snippet":"max-snippet:-1","max-image-preview":"max-image-preview:large","max-video-preview":"max-video-preview:-1"},"canonical":"http:\/\/www.tradusand.fr\/?page_id=83&lang=fr","og_locale":"fr_FR","og_type":"article","og_title":"Contact - TRADUSAND","og_description":"Vous recherchez une \u00e9quipe pour mener \u00e0 bien vos projets de traduction, post-\u00e9dition ou formation en langues ? Vous souhaitez faire une demande de devisLire la suite","og_url":"http:\/\/www.tradusand.fr\/?page_id=83&lang=fr","og_site_name":"TRADUSAND","article_modified_time":"2025-12-16T17:26:26+00:00","twitter_card":"summary_large_image","twitter_misc":{"Dur\u00e9e de lecture estim\u00e9e":"1 minute"},"schema":{"@context":"https:\/\/schema.org","@graph":[{"@type":"WebPage","@id":"http:\/\/www.tradusand.fr\/?page_id=83&lang=fr","url":"http:\/\/www.tradusand.fr\/?page_id=83&lang=fr","name":"Contact - TRADUSAND","isPartOf":{"@id":"http:\/\/www.tradusand.fr\/#website"},"datePublished":"2015-04-11T12:12:05+00:00","dateModified":"2025-12-16T17:26:26+00:00","breadcrumb":{"@id":"http:\/\/www.tradusand.fr\/?page_id=83&lang=fr#breadcrumb"},"inLanguage":"fr-FR","potentialAction":[{"@type":"ReadAction","target":["http:\/\/www.tradusand.fr\/?page_id=83&lang=fr"]}]},{"@type":"BreadcrumbList","@id":"http:\/\/www.tradusand.fr\/?page_id=83&lang=fr#breadcrumb","itemListElement":[{"@type":"ListItem","position":1,"name":"Accueil","item":"http:\/\/www.tradusand.fr\/?lang=fr"},{"@type":"ListItem","position":2,"name":"Contact"}]},{"@type":"WebSite","@id":"http:\/\/www.tradusand.fr\/#website","url":"http:\/\/www.tradusand.fr\/","name":"TRADUSAND","description":"Services linguistiques","publisher":{"@id":"http:\/\/www.tradusand.fr\/#organization"},"potentialAction":[{"@type":"SearchAction","target":{"@type":"EntryPoint","urlTemplate":"http:\/\/www.tradusand.fr\/?s={search_term_string}"},"query-input":{"@type":"PropertyValueSpecification","valueRequired":true,"valueName":"search_term_string"}}],"inLanguage":"fr-FR"},{"@type":"Organization","@id":"http:\/\/www.tradusand.fr\/#organization","name":"Tradusand","url":"http:\/\/www.tradusand.fr\/","logo":{"@type":"ImageObject","inLanguage":"fr-FR","@id":"http:\/\/www.tradusand.fr\/#\/schema\/logo\/image\/","url":"http:\/\/www.tradusand.fr\/wp-content\/uploads\/2018\/03\/LogoSiteWeb.png","contentUrl":"http:\/\/www.tradusand.fr\/wp-content\/uploads\/2018\/03\/LogoSiteWeb.png","width":180,"height":64,"caption":"Tradusand"},"image":{"@id":"http:\/\/www.tradusand.fr\/#\/schema\/logo\/image\/"}}]}},"_links":{"self":[{"href":"http:\/\/www.tradusand.fr\/index.php?rest_route=\/wp\/v2\/pages\/83","targetHints":{"allow":["GET"]}}],"collection":[{"href":"http:\/\/www.tradusand.fr\/index.php?rest_route=\/wp\/v2\/pages"}],"about":[{"href":"http:\/\/www.tradusand.fr\/index.php?rest_route=\/wp\/v2\/types\/page"}],"author":[{"embeddable":true,"href":"http:\/\/www.tradusand.fr\/index.php?rest_route=\/wp\/v2\/users\/1"}],"replies":[{"embeddable":true,"href":"http:\/\/www.tradusand.fr\/index.php?rest_route=%2Fwp%2Fv2%2Fcomments&post=83"}],"version-history":[{"count":19,"href":"http:\/\/www.tradusand.fr\/index.php?rest_route=\/wp\/v2\/pages\/83\/revisions"}],"predecessor-version":[{"id":386,"href":"http:\/\/www.tradusand.fr\/index.php?rest_route=\/wp\/v2\/pages\/83\/revisions\/386"}],"wp:attachment":[{"href":"http:\/\/www.tradusand.fr\/index.php?rest_route=%2Fwp%2Fv2%2Fmedia&parent=83"}],"curies":[{"name":"wp","href":"https:\/\/api.w.org\/{rel}","templated":true}]}}